{"id":30989,"date":"2023-07-24T16:40:42","date_gmt":"2023-07-24T16:40:42","guid":{"rendered":"http:\/\/inmobiliariaimonte.com\/?page_id=30989"},"modified":"2023-07-25T20:52:28","modified_gmt":"2023-07-25T20:52:28","slug":"30989-2","status":"publish","type":"page","link":"https:\/\/inmobiliariaimonte.com\/index.php\/30989-2\/","title":{"rendered":"HomeOKOK"},"content":{"rendered":"<section class=\"wpb-content-wrapper\"><p>[vc_row][vc_column][\/vc_column][\/vc_row][vc_row gap=\u00bb5&#8243;][vc_column css=\u00bb.vc_custom_1690221023363{padding-top: 30px !important;}\u00bb][vc_column_text css=\u00bb.vc_custom_1690221002096{padding-top: 30px !important;padding-bottom: 30px !important;}\u00bb]<\/p>\n<h4 style=\"text-align: center; color: #c1af8f;\">LA INMOBILIARIA BOUTIQUE QUE MARCA LA DIFERENCIA<\/h4>\n<p>[\/vc_column_text][\/vc_column][\/vc_row][vc_row full_width=\u00bbstretch_row\u00bb gap=\u00bb5&#8243; content_placement=\u00bbtop\u00bb][vc_column width=\u00bb1\/4&#8243;][\/vc_column][vc_column width=\u00bb1\/3&#8243; css=\u00bb.vc_custom_1690221716933{padding-right: 50px !important;}\u00bb][vc_column_text]<\/p>\n<p style=\"text-align: justify; color: #3d463e; line-height: 22px;\">Nos enorgullece ser una Inmobiliaria boutique que lleva m\u00e1s de 25 a\u00f1os dedicados al mercado inmobiliario de Zamora capital y provincia, brindando soluciones integrales y adaptadas a las necesidades \u00fanicas de cada cliente. Somos una empresa familiar que ofrece un trato cercano, profesional y personalizado a nuestros clientes. Especialistas en servicios de compra, venta y alquiler de todo tipo de inmuebles, terrenos, garajes y locales comerciales<\/p>\n<p>[\/vc_column_text][\/vc_column][vc_column width=\u00bb1\/3&#8243;][vc_single_image image=\u00bb910&#8243; img_size=\u00bbfull\u00bb][\/vc_column][\/vc_row][vc_row gap=\u00bb5&#8243;][vc_column css=\u00bb.vc_custom_1690221023363{padding-top: 30px !important;}\u00bb][vc_column_text]<\/p>\n<h4 style=\"text-align: center; color: #c1af8f;\">EN IMONTE TE ACOMPA\u00d1AMOS<br \/>\nEN CADA PASO DE TU VIAJE<\/h4>\n<p>[\/vc_column_text][\/vc_column][\/vc_row][vc_row gap=\u00bb35&#8243;][vc_column width=\u00bb1\/4&#8243;][\/vc_column][vc_column width=\u00bb1\/4&#8243;][vc_column_text]<\/p>\n<p style=\"text-align: justify;\">Desde la b\u00fasqueda de tu nuevo hogar, terreno o garaje, hasta la firma del contrato y mucho m\u00e1s all\u00e1. Nuestro compromiso no termina con la transacci\u00f3n, continuamos brind\u00e1ndote servicios postventa de calidad excepcional. Tu satisfacci\u00f3n es nuestra prioridad absoluta.<\/p>\n<p>[\/vc_column_text][\/vc_column][vc_column width=\u00bb1\/4&#8243;][vc_column_text]<\/p>\n<p style=\"text-align: justify;\">Te acogemos con una atenci\u00f3n personalizada que se convierte en la piedra angular de nuestra relaci\u00f3n contigo. Queremos conocerte, entender tus sue\u00f1os y aspiraciones, y as\u00ed poder ofrecerte las mejores opciones que se ajusten a tu estilo de vida y objetivos. En Inmobiliaria IMONTE, ofrecemos una amplia gama de servicios para cubrir todas tus necesidades inmobiliarias.<\/p>\n<p>[\/vc_column_text][\/vc_column][vc_column width=\u00bb1\/4&#8243;][\/vc_column][\/vc_row][vc_row gap=\u00bb5&#8243; css=\u00bb.vc_custom_1690222673205{padding-top: 20px !important;padding-right: 20px !important;padding-bottom: 20px !important;padding-left: 20px !important;background-color: #c1af8f !important;}\u00bb][vc_column css=\u00bb.vc_custom_1690221023363{padding-top: 30px !important;}\u00bb][vc_column_text]<\/p>\n<h3 style=\"text-align: center; color: #ffffff;\">COMPRA VENTA DE PROPIEDADES<\/h3>\n<p style=\"text-align: center; color: #ffffff;\">Si est\u00e1s buscando comprar o vender una propiedad, nuestro equipo de expertos te guiar\u00e1 con conocimiento y experiencia, asegur\u00e1ndose de que cada transacci\u00f3n sea segura y beneficiosa para ti.<\/p>\n<p>[\/vc_column_text][\/vc_column][\/vc_row][vc_row gap=\u00bb5&#8243; css=\u00bb.vc_custom_1690222802286{padding-top: 20px !important;padding-right: 20px !important;padding-bottom: 20px !important;padding-left: 20px !important;}\u00bb][vc_column css=\u00bb.vc_custom_1690221023363{padding-top: 30px !important;}\u00bb][vc_column_text]<\/p>\n<h3 style=\"text-align: center;\">ALQUILER DE PROPIEDADES<\/h3>\n<p style=\"text-align: center;\">Para aquellos que buscan opciones de alquiler, contamos con una cartera diversa de propiedades disponibles, donde encontrar\u00e1s el espacio perfecto para comenzar una nueva etapa de tu vida. Y si tienes en mente una reforma o una mejora en tu propiedad actual, nuestro equipo de profesionales te brindar\u00e1 asesoramiento y soluciones adaptadas a tus necesidades.<\/p>\n<p>[\/vc_column_text][\/vc_column][\/vc_row][vc_row gap=\u00bb5&#8243; css=\u00bb.vc_custom_1690222673205{padding-top: 20px !important;padding-right: 20px !important;padding-bottom: 20px !important;padding-left: 20px !important;background-color: #c1af8f !important;}\u00bb][vc_column css=\u00bb.vc_custom_1690221023363{padding-top: 30px !important;}\u00bb][vc_column_text]<\/p>\n<h3 style=\"text-align: center; color: #ffffff;\">INVERSI\u00d3N INMOBILIARIA<\/h3>\n<p style=\"text-align: center; color: #ffffff;\">Si buscas invertir en el mercado inmobiliario en Zamora, te ofrecemos una asesor\u00eda especializada para maximizar tus oportunidades y minimizar los riesgos.<\/p>\n<p>[\/vc_column_text][\/vc_column][\/vc_row][vc_row][vc_column][\/vc_column][\/vc_row][vc_row][vc_column][vc_single_image image=\u00bb958&#8243; img_size=\u00bbfull\u00bb alignment=\u00bbcenter\u00bb][\/vc_column][\/vc_row]<\/p>\n<\/section>","protected":false},"excerpt":{"rendered":"<p>[vc_row][vc_column][\/vc_column][\/vc_row][vc_row gap=\u00bb5&#8243;][vc_column css=\u00bb.vc_custom_1690221023363{padding-top: 30px !important;}\u00bb][vc_column_text css=\u00bb.vc_custom_1690221002096{padding-top: 30px !important;padding-bottom: 30px !important;}\u00bb] LA INMOBILIARIA BOUTIQUE QUE MARCA LA DIFERENCIA [\/vc_column_text][\/vc_column][\/vc_row][vc_row full_width=\u00bbstretch_row\u00bb gap=\u00bb5&#8243; content_placement=\u00bbtop\u00bb][vc_column width=\u00bb1\/4&#8243;][\/vc_column][vc_column width=\u00bb1\/3&#8243; css=\u00bb.vc_custom_1690221716933{padding-right: 50px !important;}\u00bb][vc_column_text] Nos enorgullece ser una Inmobiliaria boutique que lleva m\u00e1s de 25 a\u00f1os dedicados al mercado inmobiliario de Zamora capital y provincia, brindando soluciones integrales y adaptadas a las necesidades \u00fanicas de cada cliente. Somos una empresa familiar que &#8230;<\/p>\n","protected":false},"author":3,"featured_media":0,"parent":0,"menu_order":0,"comment_status":"closed","ping_status":"closed","template":"","meta":{"footnotes":""},"class_list":["post-30989","page","type-page","status-publish","hentry"],"_links":{"self":[{"href":"https:\/\/inmobiliariaimonte.com\/index.php\/wp-json\/wp\/v2\/pages\/30989","targetHints":{"allow":["GET"]}}],"collection":[{"href":"https:\/\/inmobiliariaimonte.com\/index.php\/wp-json\/wp\/v2\/pages"}],"about":[{"href":"https:\/\/inmobiliariaimonte.com\/index.php\/wp-json\/wp\/v2\/types\/page"}],"author":[{"embeddable":true,"href":"https:\/\/inmobiliariaimonte.com\/index.php\/wp-json\/wp\/v2\/users\/3"}],"replies":[{"embeddable":true,"href":"https:\/\/inmobiliariaimonte.com\/index.php\/wp-json\/wp\/v2\/comments?post=30989"}],"version-history":[{"count":34,"href":"https:\/\/inmobiliariaimonte.com\/index.php\/wp-json\/wp\/v2\/pages\/30989\/revisions"}],"predecessor-version":[{"id":31073,"href":"https:\/\/inmobiliariaimonte.com\/index.php\/wp-json\/wp\/v2\/pages\/30989\/revisions\/31073"}],"wp:attachment":[{"href":"https:\/\/inmobiliariaimonte.com\/index.php\/wp-json\/wp\/v2\/media?parent=30989"}],"curies":[{"name":"wp","href":"https:\/\/api.w.org\/{rel}","templated":true}]}}